{"id":543,"date":"2023-03-01T08:23:47","date_gmt":"2023-03-01T11:23:47","guid":{"rendered":"http:\/\/patrimonio.art.br\/opocedoc\/?page_id=543"},"modified":"2023-10-16T09:37:48","modified_gmt":"2023-10-16T12:37:48","slug":"consulta-colecao","status":"publish","type":"page","link":"https:\/\/patrimonio.art.br\/opocedoc\/consulta-colecao\/","title":{"rendered":"Consulta por cole\u00e7\u00e3o"},"content":{"rendered":"\n<div class=\"wp-block-cover alignfull has-parallax\"><span aria-hidden=\"true\" class=\"wp-block-cover__background has-palette-color-3-background-color has-background-dim-70 has-background-dim\"><\/span><div role=\"img\" class=\"wp-block-cover__image-background wp-image-4181 has-parallax\" style=\"background-position:50% 50%;background-image:url(http:\/\/patrimonio.art.br\/opocedoc\/wp-content\/uploads\/2023\/04\/shutterstock_316135883-2-1024x458.jpg)\"><\/div><div class=\"wp-block-cover__inner-container\">\n<div class=\"wp-block-columns is-layout-flex wp-container-3\">\n<div class=\"wp-block-column is-layout-flow\">\n<figure class=\"wp-block-image size-large is-resized\"><img decoding=\"async\" loading=\"lazy\" src=\"http:\/\/patrimonio.art.br\/opocedoc\/wp-content\/uploads\/2023\/04\/logo-PhotoRoom.png-PhotoRoom-1024x1024.png\" alt=\"\" class=\"wp-image-4195\" width=\"278\" height=\"278\" srcset=\"https:\/\/patrimonio.art.br\/opocedoc\/wp-content\/uploads\/2023\/04\/logo-PhotoRoom.png-PhotoRoom-1024x1024.png 1024w, https:\/\/patrimonio.art.br\/opocedoc\/wp-content\/uploads\/2023\/04\/logo-PhotoRoom.png-PhotoRoom-300x300.png 300w, https:\/\/patrimonio.art.br\/opocedoc\/wp-content\/uploads\/2023\/04\/logo-PhotoRoom.png-PhotoRoom-150x150.png 150w, https:\/\/patrimonio.art.br\/opocedoc\/wp-content\/uploads\/2023\/04\/logo-PhotoRoom.png-PhotoRoom-768x768.png 768w, https:\/\/patrimonio.art.br\/opocedoc\/wp-content\/uploads\/2023\/04\/logo-PhotoRoom.png-PhotoRoom-40x40.png 40w, https:\/\/patrimonio.art.br\/opocedoc\/wp-content\/uploads\/2023\/04\/logo-PhotoRoom.png-PhotoRoom-275x275.png 275w, https:\/\/patrimonio.art.br\/opocedoc\/wp-content\/uploads\/2023\/04\/logo-PhotoRoom.png-PhotoRoom-205x205.png 205w, https:\/\/patrimonio.art.br\/opocedoc\/wp-content\/uploads\/2023\/04\/logo-PhotoRoom.png-PhotoRoom-480x480.png 480w, https:\/\/patrimonio.art.br\/opocedoc\/wp-content\/uploads\/2023\/04\/logo-PhotoRoom.png-PhotoRoom.png 1080w\" sizes=\"(max-width: 278px) 100vw, 278px\" \/><\/figure>\n<\/div>\n\n\n\n<div class=\"wp-block-column is-layout-flow\">\n<h4 class=\"wp-block-heading has-text-align-center has-palette-color-6-color has-text-color\"><br>Biblioteca Virtual<br>Tem\u00e1tica do<br>Observat\u00f3rio dos<br>Povos Origin\u00e1rios<br>e suas Inf\u00e2ncias<\/h4>\n<\/div>\n<\/div>\n<\/div><\/div>\n\n\n\n<h2 class=\"wp-block-heading\">Consulta por cole\u00e7\u00e3o<\/h2>\n\n\n\n<div class=\"wp-block-tainacan-collections-list has-black-color has-text-color has-link-color wp-elements-8b02f06e47173b893178d824ff7f8299\" style=\"font-size:17px\" data-module=\"collections-list\"><ul style=\"grid-template-columns:repeat(auto-fill, 256px)\" class=\"collections-list  collections-layout-grid\"><li class=\"collection-list-item\" style=\"margin-bottom:48px\"><button type=\"button\" class=\"components-button has-icon\" aria-label=\"Remover\"><span class=\"dashicon dashicons dashicons-no-alt\"><\/span><\/button><a id=\"collection-id-3853\" href=\"http:\/\/patrimonio.art.br\/opocedoc\/teses-dissertacoes-e-outros-trabalhos-monograficos\/\" class=\" \"><img decoding=\"async\" src=\"http:\/\/patrimonio.art.br\/opocedoc\/wp-content\/uploads\/2023\/04\/cropped-9072_09082011caph027_0-275x275.jpg\" alt=\"Teses, disserta\u00e7\u00f5es e outros trabalhos monogr\u00e1ficos\"\/><span>Teses, disserta\u00e7\u00f5es e outros trabalhos monogr\u00e1ficos<\/span><\/a><\/li><li class=\"collection-list-item\" style=\"margin-bottom:48px\"><button type=\"button\" class=\"components-button has-icon\" aria-label=\"Remover\"><span class=\"dashicon dashicons dashicons-no-alt\"><\/span><\/button><a id=\"collection-id-3977\" href=\"http:\/\/patrimonio.art.br\/opocedoc\/diretorio-escolas-indigenas\/\" class=\" \"><img decoding=\"async\" src=\"http:\/\/patrimonio.art.br\/opocedoc\/wp-content\/uploads\/2023\/04\/cropped-Escola-no-Parque-Ind-do-Xingu_Adreas-Kuno-Richter-275x275.jpg\" alt=\"Diret\u00f3rio de Escolas Ind\u00edgenas\"\/><span>Diret\u00f3rio de Escolas Ind\u00edgenas<\/span><\/a><\/li><li class=\"collection-list-item\" style=\"margin-bottom:48px\"><button type=\"button\" class=\"components-button has-icon\" aria-label=\"Remover\"><span class=\"dashicon dashicons dashicons-no-alt\"><\/span><\/button><a id=\"collection-id-4046\" href=\"http:\/\/patrimonio.art.br\/opocedoc\/noticias\/\" class=\" \"><img decoding=\"async\" src=\"http:\/\/patrimonio.art.br\/opocedoc\/wp-content\/uploads\/2023\/04\/cropped-18853427433_3559ecb598_c-275x275.jpg\" alt=\"Not\u00edcias\"\/><span>Not\u00edcias<\/span><\/a><\/li><li class=\"collection-list-item\" style=\"margin-bottom:48px\"><button type=\"button\" class=\"components-button has-icon\" aria-label=\"Remover\"><span class=\"dashicon dashicons dashicons-no-alt\"><\/span><\/button><a id=\"collection-id-4706\" href=\"http:\/\/patrimonio.art.br\/opocedoc\/periodicos-cientificos\/\" class=\" \"><img decoding=\"async\" src=\"http:\/\/patrimonio.art.br\/opocedoc\/wp-content\/uploads\/2023\/04\/cropped-Teses-675x450-1-1.jpg\" alt=\"Artigos de Peri\u00f3dicos  Cient\u00edficos\"\/><span>Artigos de Peri\u00f3dicos  Cient\u00edficos<\/span><\/a><\/li><li class=\"collection-list-item\" style=\"margin-bottom:48px\"><button type=\"button\" class=\"components-button has-icon\" aria-label=\"Remover\"><span class=\"dashicon dashicons dashicons-no-alt\"><\/span><\/button><a id=\"collection-id-18623\" href=\"http:\/\/patrimonio.art.br\/opocedoc\/videoteca-2\/\" class=\" \"><img decoding=\"async\" src=\"http:\/\/patrimonio.art.br\/opocedoc\/wp-content\/uploads\/2023\/10\/cropped-videoteca2.jpg\" alt=\"Videoteca\"\/><span>Videoteca<\/span><\/a><\/li><\/ul><\/div>\n","protected":false},"excerpt":{"rendered":"<p>Consulta por cole\u00e7\u00e3o<\/p>\n","protected":false},"author":1,"featured_media":0,"parent":0,"menu_order":0,"comment_status":"closed","ping_status":"closed","template":"","meta":[],"blocksy_meta":"","_links":{"self":[{"href":"https:\/\/patrimonio.art.br\/opocedoc\/wp-json\/wp\/v2\/pages\/543"}],"collection":[{"href":"https:\/\/patrimonio.art.br\/opocedoc\/wp-json\/wp\/v2\/pages"}],"about":[{"href":"https:\/\/patrimonio.art.br\/opocedoc\/wp-json\/wp\/v2\/types\/page"}],"author":[{"embeddable":true,"href":"https:\/\/patrimonio.art.br\/opocedoc\/wp-json\/wp\/v2\/users\/1"}],"replies":[{"embeddable":true,"href":"https:\/\/patrimonio.art.br\/opocedoc\/wp-json\/wp\/v2\/comments?post=543"}],"version-history":[{"count":16,"href":"https:\/\/patrimonio.art.br\/opocedoc\/wp-json\/wp\/v2\/pages\/543\/revisions"}],"predecessor-version":[{"id":18812,"href":"https:\/\/patrimonio.art.br\/opocedoc\/wp-json\/wp\/v2\/pages\/543\/revisions\/18812"}],"wp:attachment":[{"href":"https:\/\/patrimonio.art.br\/opocedoc\/wp-json\/wp\/v2\/media?parent=543"}],"curies":[{"name":"wp","href":"https:\/\/api.w.org\/{rel}","templated":true}]}}