{"id":3534,"date":"2023-04-20T11:15:33","date_gmt":"2023-04-20T14:15:33","guid":{"rendered":"http:\/\/patrimonio.art.br\/opocedoc\/?page_id=3534"},"modified":"2023-05-01T09:44:08","modified_gmt":"2023-05-01T12:44:08","slug":"colabore","status":"publish","type":"page","link":"https:\/\/patrimonio.art.br\/opocedoc\/colabore\/","title":{"rendered":"Colabore"},"content":{"rendered":"\n<div class=\"wp-block-cover alignfull has-parallax\"><span aria-hidden=\"true\" class=\"wp-block-cover__background has-palette-color-3-background-color has-background-dim-70 has-background-dim\"><\/span><div role=\"img\" class=\"wp-block-cover__image-background wp-image-4181 has-parallax\" style=\"background-position:50% 50%;background-image:url(http:\/\/patrimonio.art.br\/opocedoc\/wp-content\/uploads\/2023\/04\/shutterstock_316135883-2-1024x458.jpg)\"><\/div><div class=\"wp-block-cover__inner-container\">\n<div class=\"wp-block-columns is-layout-flex wp-container-3\">\n<div class=\"wp-block-column is-layout-flow\">\n<figure class=\"wp-block-image size-large is-resized\"><img decoding=\"async\" loading=\"lazy\" src=\"http:\/\/patrimonio.art.br\/opocedoc\/wp-content\/uploads\/2023\/04\/logo-PhotoRoom.png-PhotoRoom-1024x1024.png\" alt=\"\" class=\"wp-image-4195\" width=\"278\" height=\"278\" srcset=\"https:\/\/patrimonio.art.br\/opocedoc\/wp-content\/uploads\/2023\/04\/logo-PhotoRoom.png-PhotoRoom-1024x1024.png 1024w, https:\/\/patrimonio.art.br\/opocedoc\/wp-content\/uploads\/2023\/04\/logo-PhotoRoom.png-PhotoRoom-300x300.png 300w, https:\/\/patrimonio.art.br\/opocedoc\/wp-content\/uploads\/2023\/04\/logo-PhotoRoom.png-PhotoRoom-150x150.png 150w, https:\/\/patrimonio.art.br\/opocedoc\/wp-content\/uploads\/2023\/04\/logo-PhotoRoom.png-PhotoRoom-768x768.png 768w, https:\/\/patrimonio.art.br\/opocedoc\/wp-content\/uploads\/2023\/04\/logo-PhotoRoom.png-PhotoRoom-40x40.png 40w, https:\/\/patrimonio.art.br\/opocedoc\/wp-content\/uploads\/2023\/04\/logo-PhotoRoom.png-PhotoRoom-275x275.png 275w, https:\/\/patrimonio.art.br\/opocedoc\/wp-content\/uploads\/2023\/04\/logo-PhotoRoom.png-PhotoRoom-205x205.png 205w, https:\/\/patrimonio.art.br\/opocedoc\/wp-content\/uploads\/2023\/04\/logo-PhotoRoom.png-PhotoRoom-480x480.png 480w, https:\/\/patrimonio.art.br\/opocedoc\/wp-content\/uploads\/2023\/04\/logo-PhotoRoom.png-PhotoRoom.png 1080w\" sizes=\"(max-width: 278px) 100vw, 278px\" \/><\/figure>\n<\/div>\n\n\n\n<div class=\"wp-block-column is-layout-flow\">\n<h4 class=\"has-text-align-center has-palette-color-6-color has-text-color wp-block-heading\"><br>Biblioteca Virtual<br>Tem\u00e1tica do<br>Observat\u00f3rio dos<br>Povos Origin\u00e1rios<br>e suas Inf\u00e2ncias<\/h4>\n<\/div>\n<\/div>\n<\/div><\/div>\n\n\n\n<h2 class=\"wp-block-heading\">Colabore<\/h2>\n\n\n<nav class=\"has-background has-palette-color-3-background-color has-medium-font-size is-responsive wp-block-navigation has-medium-font-size is-layout-flex\" aria-label=\"Colabore\"><button aria-haspopup=\"true\" aria-label=\"Abrir menu\" class=\"wp-block-navigation__responsive-container-open \" data-micromodal-trigger=\"modal-4\"><svg width=\"24\" height=\"24\" xmlns=\"http:\/\/www.w3.org\/2000\/svg\" viewBox=\"0 0 24 24\" aria-hidden=\"true\" focusable=\"false\"><rect x=\"4\" y=\"7.5\" width=\"16\" height=\"1.5\" \/><rect x=\"4\" y=\"15\" width=\"16\" height=\"1.5\" \/><\/svg><\/button>\n\t\t\t<div class=\"wp-block-navigation__responsive-container  \" style=\"\" id=\"modal-4\">\n\t\t\t\t<div class=\"wp-block-navigation__responsive-close\" tabindex=\"-1\" data-micromodal-close>\n\t\t\t\t\t<div class=\"wp-block-navigation__responsive-dialog\" aria-label=\"Menu\">\n\t\t\t\t\t\t\t<button aria-label=\"Fechar menu\" data-micromodal-close class=\"wp-block-navigation__responsive-container-close\"><svg xmlns=\"http:\/\/www.w3.org\/2000\/svg\" viewBox=\"0 0 24 24\" width=\"24\" height=\"24\" aria-hidden=\"true\" focusable=\"false\"><path d=\"M13 11.8l6.1-6.3-1-1-6.1 6.2-6.1-6.2-1 1 6.1 6.3-6.5 6.7 1 1 6.5-6.6 6.5 6.6 1-1z\"><\/path><\/svg><\/button>\n\t\t\t\t\t\t<div class=\"wp-block-navigation__responsive-container-content\" id=\"modal-4-content\">\n\t\t\t\t\t\t\t<ul class=\"wp-block-navigation__container\"><li class=\"has-medium-font-size wp-block-navigation-item wp-block-navigation-link\"><a class=\"wp-block-navigation-item__content\"  href=\"http:\/\/patrimonio.art.br\/opocedoc\/sugira-insercoes\/\"><span class=\"wp-block-navigation-item__label\">Teses, disserta\u00e7\u00f5es e monografias<\/span><\/a><\/li><\/ul>\n\t\t\t\t\t\t<\/div>\n\t\t\t\t\t<\/div>\n\t\t\t\t<\/div>\n\t\t\t<\/div><\/nav>","protected":false},"excerpt":{"rendered":"<p>Colabore<\/p>\n","protected":false},"author":1,"featured_media":0,"parent":0,"menu_order":0,"comment_status":"closed","ping_status":"closed","template":"","meta":[],"blocksy_meta":"","_links":{"self":[{"href":"https:\/\/patrimonio.art.br\/opocedoc\/wp-json\/wp\/v2\/pages\/3534"}],"collection":[{"href":"https:\/\/patrimonio.art.br\/opocedoc\/wp-json\/wp\/v2\/pages"}],"about":[{"href":"https:\/\/patrimonio.art.br\/opocedoc\/wp-json\/wp\/v2\/types\/page"}],"author":[{"embeddable":true,"href":"https:\/\/patrimonio.art.br\/opocedoc\/wp-json\/wp\/v2\/users\/1"}],"replies":[{"embeddable":true,"href":"https:\/\/patrimonio.art.br\/opocedoc\/wp-json\/wp\/v2\/comments?post=3534"}],"version-history":[{"count":5,"href":"https:\/\/patrimonio.art.br\/opocedoc\/wp-json\/wp\/v2\/pages\/3534\/revisions"}],"predecessor-version":[{"id":4238,"href":"https:\/\/patrimonio.art.br\/opocedoc\/wp-json\/wp\/v2\/pages\/3534\/revisions\/4238"}],"wp:attachment":[{"href":"https:\/\/patrimonio.art.br\/opocedoc\/wp-json\/wp\/v2\/media?parent=3534"}],"curies":[{"name":"wp","href":"https:\/\/api.w.org\/{rel}","templated":true}]}}