{"id":3520,"date":"2023-04-20T11:00:04","date_gmt":"2023-04-20T14:00:04","guid":{"rendered":"http:\/\/patrimonio.art.br\/opocedoc\/?page_id=3520"},"modified":"2023-05-01T09:45:22","modified_gmt":"2023-05-01T12:45:22","slug":"sugira-insercoes","status":"publish","type":"page","link":"https:\/\/patrimonio.art.br\/opocedoc\/sugira-insercoes\/","title":{"rendered":"Teses, disserta\u00e7\u00f5es e monografias"},"content":{"rendered":"\n<div class=\"wp-block-cover alignfull has-parallax\"><span aria-hidden=\"true\" class=\"wp-block-cover__background has-palette-color-3-background-color has-background-dim-70 has-background-dim\"><\/span><div role=\"img\" class=\"wp-block-cover__image-background wp-image-4181 has-parallax\" style=\"background-position:50% 50%;background-image:url(http:\/\/patrimonio.art.br\/opocedoc\/wp-content\/uploads\/2023\/04\/shutterstock_316135883-2-1024x458.jpg)\"><\/div><div class=\"wp-block-cover__inner-container\">\n<div class=\"wp-block-columns is-layout-flex wp-container-3\">\n<div class=\"wp-block-column is-layout-flow\">\n<figure class=\"wp-block-image size-large is-resized\"><img decoding=\"async\" loading=\"lazy\" src=\"http:\/\/patrimonio.art.br\/opocedoc\/wp-content\/uploads\/2023\/04\/logo-PhotoRoom.png-PhotoRoom-1024x1024.png\" alt=\"\" class=\"wp-image-4195\" width=\"278\" height=\"278\" srcset=\"https:\/\/patrimonio.art.br\/opocedoc\/wp-content\/uploads\/2023\/04\/logo-PhotoRoom.png-PhotoRoom-1024x1024.png 1024w, https:\/\/patrimonio.art.br\/opocedoc\/wp-content\/uploads\/2023\/04\/logo-PhotoRoom.png-PhotoRoom-300x300.png 300w, https:\/\/patrimonio.art.br\/opocedoc\/wp-content\/uploads\/2023\/04\/logo-PhotoRoom.png-PhotoRoom-150x150.png 150w, https:\/\/patrimonio.art.br\/opocedoc\/wp-content\/uploads\/2023\/04\/logo-PhotoRoom.png-PhotoRoom-768x768.png 768w, https:\/\/patrimonio.art.br\/opocedoc\/wp-content\/uploads\/2023\/04\/logo-PhotoRoom.png-PhotoRoom-40x40.png 40w, https:\/\/patrimonio.art.br\/opocedoc\/wp-content\/uploads\/2023\/04\/logo-PhotoRoom.png-PhotoRoom-275x275.png 275w, https:\/\/patrimonio.art.br\/opocedoc\/wp-content\/uploads\/2023\/04\/logo-PhotoRoom.png-PhotoRoom-205x205.png 205w, https:\/\/patrimonio.art.br\/opocedoc\/wp-content\/uploads\/2023\/04\/logo-PhotoRoom.png-PhotoRoom-480x480.png 480w, https:\/\/patrimonio.art.br\/opocedoc\/wp-content\/uploads\/2023\/04\/logo-PhotoRoom.png-PhotoRoom.png 1080w\" sizes=\"(max-width: 278px) 100vw, 278px\" \/><\/figure>\n<\/div>\n\n\n\n<div class=\"wp-block-column is-layout-flow\">\n<h4 class=\"has-text-align-center has-palette-color-6-color has-text-color wp-block-heading\"><br>Biblioteca Virtual<br>Tem\u00e1tica do<br>Observat\u00f3rio dos<br>Povos Origin\u00e1rios<br>e suas Inf\u00e2ncias<\/h4>\n<\/div>\n<\/div>\n<\/div><\/div>\n\n\n\n<h2 class=\"wp-block-heading\">Teses, disserta\u00e7\u00f5es e monografias<\/h2>\n\n\n\n<div style=\"font-size:16px;--tainacan-base-font-size:16px;--tainacan-background-color:rgba(255,255,255,0);--tainacan-input-color:#1d1d1d;--tainacan-input-background-color:#ffffff;--tainacan-input-border-color:#dbdbdb;--tainacan-label-color:#454647;--tainacan-info-color:#555758;--tainacan-primary:#d9eced;--tainacan-secondary:#298596\" class=\"wp-block-tainacan-item-submission-form\"><div id=\"tainacan-item-submission-form\" data-module=\"item-submission-form\" collection-id=\"91\" hide-file-modal-button=\"false\" hide-text-modal-button=\"false\" hide-link-modal-button=\"false\" hide-thumbnail-section=\"false\" hide-attachments-section=\"false\" show-allow-comments-section=\"false\" hide-help-buttons=\"false\" hide-metadata-types=\"false\" hide-collapses=\"false\" enabled-metadata=\"true,true,true,true,true,true,true,true,true,true,true,true,true,true,true,true,true,true,true,true,true,true,true\" sent-form-heading=\"Form submitted!\" sent-form-message=\"Thank you. Your item was submitted to the collection.\" document-section-label=\"Document\" thumbnail-section-label=\"Thumbnail\" attachments-section-label=\"Attachments\" metadata-section-label=\"Metadata\" show-item-link-button=\"false\" show-terms-agreement-checkbox=\"false\" terms-agreement-message=\"I agree to submit this item information.\" item-link-button-label=\"Go to the item page\" help-info-bellow-label=\"false\"><\/div><\/div>\n","protected":false},"excerpt":{"rendered":"<p>Teses, disserta\u00e7\u00f5es e monografias<\/p>\n","protected":false},"author":1,"featured_media":0,"parent":0,"menu_order":0,"comment_status":"closed","ping_status":"closed","template":"","meta":[],"blocksy_meta":"","_links":{"self":[{"href":"https:\/\/patrimonio.art.br\/opocedoc\/wp-json\/wp\/v2\/pages\/3520"}],"collection":[{"href":"https:\/\/patrimonio.art.br\/opocedoc\/wp-json\/wp\/v2\/pages"}],"about":[{"href":"https:\/\/patrimonio.art.br\/opocedoc\/wp-json\/wp\/v2\/types\/page"}],"author":[{"embeddable":true,"href":"https:\/\/patrimonio.art.br\/opocedoc\/wp-json\/wp\/v2\/users\/1"}],"replies":[{"embeddable":true,"href":"https:\/\/patrimonio.art.br\/opocedoc\/wp-json\/wp\/v2\/comments?post=3520"}],"version-history":[{"count":6,"href":"https:\/\/patrimonio.art.br\/opocedoc\/wp-json\/wp\/v2\/pages\/3520\/revisions"}],"predecessor-version":[{"id":4239,"href":"https:\/\/patrimonio.art.br\/opocedoc\/wp-json\/wp\/v2\/pages\/3520\/revisions\/4239"}],"wp:attachment":[{"href":"https:\/\/patrimonio.art.br\/opocedoc\/wp-json\/wp\/v2\/media?parent=3520"}],"curies":[{"name":"wp","href":"https:\/\/api.w.org\/{rel}","templated":true}]}}