{"id":27105,"date":"2024-02-06T11:00:38","date_gmt":"2024-02-06T14:00:38","guid":{"rendered":"https:\/\/patrimonio.art.br\/opocedoc\/?page_id=27105"},"modified":"2024-03-17T20:01:07","modified_gmt":"2024-03-17T23:01:07","slug":"equipe","status":"publish","type":"page","link":"https:\/\/patrimonio.art.br\/opocedoc\/equipe\/","title":{"rendered":"Equipe"},"content":{"rendered":"\n<div class=\"wp-block-cover alignfull has-parallax\"><span aria-hidden=\"true\" class=\"wp-block-cover__background has-palette-color-3-background-color has-background-dim-70 has-background-dim\"><\/span><div role=\"img\" class=\"wp-block-cover__image-background wp-image-4181 has-parallax\" style=\"background-position:50% 50%;background-image:url(http:\/\/patrimonio.art.br\/opocedoc\/wp-content\/uploads\/2023\/04\/shutterstock_316135883-2-1024x458.jpg)\"><\/div><div class=\"wp-block-cover__inner-container\">\n<div class=\"wp-block-columns is-layout-flex wp-container-3\">\n<div class=\"wp-block-column is-layout-flow\">\n<figure class=\"wp-block-image size-large is-resized\"><img decoding=\"async\" loading=\"lazy\" src=\"http:\/\/patrimonio.art.br\/opocedoc\/wp-content\/uploads\/2023\/04\/logo-PhotoRoom.png-PhotoRoom-1024x1024.png\" alt=\"\" class=\"wp-image-4195\" width=\"278\" height=\"278\" srcset=\"https:\/\/patrimonio.art.br\/opocedoc\/wp-content\/uploads\/2023\/04\/logo-PhotoRoom.png-PhotoRoom-1024x1024.png 1024w, https:\/\/patrimonio.art.br\/opocedoc\/wp-content\/uploads\/2023\/04\/logo-PhotoRoom.png-PhotoRoom-300x300.png 300w, https:\/\/patrimonio.art.br\/opocedoc\/wp-content\/uploads\/2023\/04\/logo-PhotoRoom.png-PhotoRoom-150x150.png 150w, https:\/\/patrimonio.art.br\/opocedoc\/wp-content\/uploads\/2023\/04\/logo-PhotoRoom.png-PhotoRoom-768x768.png 768w, https:\/\/patrimonio.art.br\/opocedoc\/wp-content\/uploads\/2023\/04\/logo-PhotoRoom.png-PhotoRoom-40x40.png 40w, https:\/\/patrimonio.art.br\/opocedoc\/wp-content\/uploads\/2023\/04\/logo-PhotoRoom.png-PhotoRoom-275x275.png 275w, https:\/\/patrimonio.art.br\/opocedoc\/wp-content\/uploads\/2023\/04\/logo-PhotoRoom.png-PhotoRoom-205x205.png 205w, https:\/\/patrimonio.art.br\/opocedoc\/wp-content\/uploads\/2023\/04\/logo-PhotoRoom.png-PhotoRoom-480x480.png 480w, https:\/\/patrimonio.art.br\/opocedoc\/wp-content\/uploads\/2023\/04\/logo-PhotoRoom.png-PhotoRoom.png 1080w\" sizes=\"(max-width: 278px) 100vw, 278px\" \/><\/figure>\n<\/div>\n\n\n\n<div class=\"wp-block-column is-layout-flow\">\n<h4 class=\"wp-block-heading has-text-align-center has-palette-color-6-color has-text-color\"><br>Biblioteca Virtual<br>Tem\u00e1tica do<br>Observat\u00f3rio dos<br>Povos Origin\u00e1rios<br>e suas Inf\u00e2ncias<\/h4>\n<\/div>\n<\/div>\n<\/div><\/div>\n\n\n\n<h2 class=\"wp-block-heading\">Equipe<\/h2>\n\n\n\n<p><strong>Elabora\u00e7\u00e3o, coordena\u00e7\u00e3o e supervis\u00e3o do projeto<\/strong><br>J\u00falia Gon\u00e7alves da Silveira<br>Professora Adjunta da Escola de Ci\u00eancia da Informa\u00e7\u00e3o da Universidade Federal de Minas Gerais\/UFMG (aposentada)<br>Doutora em Ci\u00eancia da Informa\u00e7\u00e3o<br>juliagsilveira21@gmail.com<\/p>\n\n\n\n<p><strong>Implementa\u00e7\u00e3o do website e da Biblioteca Virtual Tem\u00e1tica<\/strong><br>Marcus M. G. Silveira<br>Doutor em Hist\u00f3ria pela UFMG<br><br><strong>Inclus\u00e3o e atualiza\u00e7\u00e3o de registros da Biblioteca Virtual Tem\u00e1tica<\/strong><br>Andr\u00e9 Fagundes Faria<br>Bibliotec\u00e1rio\/Documentalista &#8211; CRB-6 3318<br><br>Marcus M. G. Silveira<br><br><strong>Cr\u00e9dito das imagens<\/strong><br>Cabe\u00e7alho<br>Filipe Fraz\u00e3o<br>https:\/\/www.frazaostudio.com\/<\/p>\n\n\n\n<p>P\u00e1gina inicial<br>Edgar Kanaykon Xakriab\u00e1<br>Dispon\u00edvel em: https:\/\/www.2015-2018.agenciaminas.mg.gov.br\/noticia\/educacao-integral-chega-as-escolas-indigenas-de-minas-gerais. Acesso em: 5 maio 2023.<\/p>\n\n\n\n<div style=\"height:75px\" aria-hidden=\"true\" class=\"wp-block-spacer\"><\/div>\n","protected":false},"excerpt":{"rendered":"<p>Equipe Elabora\u00e7\u00e3o, coordena\u00e7\u00e3o e supervis\u00e3o do projetoJ\u00falia Gon\u00e7alves da SilveiraProfessora Adjunta da Escola de Ci\u00eancia da Informa\u00e7\u00e3o da Universidade Federal de Minas Gerais\/UFMG (aposentada)Doutora em Ci\u00eancia da Informa\u00e7\u00e3ojuliagsilveira21@gmail.com Implementa\u00e7\u00e3o do website e da Biblioteca Virtual Tem\u00e1ticaMarcus M. G. SilveiraDoutor em Hist\u00f3ria pela UFMG Inclus\u00e3o e atualiza\u00e7\u00e3o de registros da Biblioteca Virtual Tem\u00e1ticaAndr\u00e9 Fagundes FariaBibliotec\u00e1rio\/Documentalista &#8211; CRB-6 3318 Marcus M. G. Silveira Cr\u00e9dito das imagensCabe\u00e7alhoFilipe Fraz\u00e3ohttps:\/\/www.frazaostudio.com\/ P\u00e1gina inicialEdgar Kanaykon Xakriab\u00e1Dispon\u00edvel em: https:\/\/www.2015-2018.agenciaminas.mg.gov.br\/noticia\/educacao-integral-chega-as-escolas-indigenas-de-minas-gerais. Acesso em: 5 maio 2023.<\/p>\n","protected":false},"author":1,"featured_media":0,"parent":0,"menu_order":0,"comment_status":"closed","ping_status":"closed","template":"","meta":[],"blocksy_meta":"","_links":{"self":[{"href":"https:\/\/patrimonio.art.br\/opocedoc\/wp-json\/wp\/v2\/pages\/27105"}],"collection":[{"href":"https:\/\/patrimonio.art.br\/opocedoc\/wp-json\/wp\/v2\/pages"}],"about":[{"href":"https:\/\/patrimonio.art.br\/opocedoc\/wp-json\/wp\/v2\/types\/page"}],"author":[{"embeddable":true,"href":"https:\/\/patrimonio.art.br\/opocedoc\/wp-json\/wp\/v2\/users\/1"}],"replies":[{"embeddable":true,"href":"https:\/\/patrimonio.art.br\/opocedoc\/wp-json\/wp\/v2\/comments?post=27105"}],"version-history":[{"count":15,"href":"https:\/\/patrimonio.art.br\/opocedoc\/wp-json\/wp\/v2\/pages\/27105\/revisions"}],"predecessor-version":[{"id":27187,"href":"https:\/\/patrimonio.art.br\/opocedoc\/wp-json\/wp\/v2\/pages\/27105\/revisions\/27187"}],"wp:attachment":[{"href":"https:\/\/patrimonio.art.br\/opocedoc\/wp-json\/wp\/v2\/media?parent=27105"}],"curies":[{"name":"wp","href":"https:\/\/api.w.org\/{rel}","templated":true}]}}