{"id":2,"date":"2023-02-28T10:45:23","date_gmt":"2023-02-28T13:45:23","guid":{"rendered":"http:\/\/patrimonio.art.br\/opocedoc\/?page_id=2"},"modified":"2024-03-17T19:53:58","modified_gmt":"2024-03-17T22:53:58","slug":"pagina-exemplo","status":"publish","type":"page","link":"https:\/\/patrimonio.art.br\/opocedoc\/","title":{"rendered":"In\u00edcio"},"content":{"rendered":"\n<div class=\"wp-block-cover alignfull has-parallax\"><span aria-hidden=\"true\" class=\"wp-block-cover__background has-palette-color-3-background-color has-background-dim-70 has-background-dim\"><\/span><div role=\"img\" class=\"wp-block-cover__image-background wp-image-4181 has-parallax\" style=\"background-position:50% 50%;background-image:url(http:\/\/patrimonio.art.br\/opocedoc\/wp-content\/uploads\/2023\/04\/shutterstock_316135883-2-1024x458.jpg)\"><\/div><div class=\"wp-block-cover__inner-container\">\n<div class=\"wp-block-columns is-layout-flex wp-container-3\">\n<div class=\"wp-block-column is-layout-flow\">\n<figure class=\"wp-block-image size-large is-resized\"><img decoding=\"async\" loading=\"lazy\" src=\"http:\/\/patrimonio.art.br\/opocedoc\/wp-content\/uploads\/2023\/04\/logo-PhotoRoom.png-PhotoRoom-1024x1024.png\" alt=\"\" class=\"wp-image-4195\" width=\"278\" height=\"278\" srcset=\"https:\/\/patrimonio.art.br\/opocedoc\/wp-content\/uploads\/2023\/04\/logo-PhotoRoom.png-PhotoRoom-1024x1024.png 1024w, https:\/\/patrimonio.art.br\/opocedoc\/wp-content\/uploads\/2023\/04\/logo-PhotoRoom.png-PhotoRoom-300x300.png 300w, https:\/\/patrimonio.art.br\/opocedoc\/wp-content\/uploads\/2023\/04\/logo-PhotoRoom.png-PhotoRoom-150x150.png 150w, https:\/\/patrimonio.art.br\/opocedoc\/wp-content\/uploads\/2023\/04\/logo-PhotoRoom.png-PhotoRoom-768x768.png 768w, https:\/\/patrimonio.art.br\/opocedoc\/wp-content\/uploads\/2023\/04\/logo-PhotoRoom.png-PhotoRoom-40x40.png 40w, https:\/\/patrimonio.art.br\/opocedoc\/wp-content\/uploads\/2023\/04\/logo-PhotoRoom.png-PhotoRoom-275x275.png 275w, https:\/\/patrimonio.art.br\/opocedoc\/wp-content\/uploads\/2023\/04\/logo-PhotoRoom.png-PhotoRoom-205x205.png 205w, https:\/\/patrimonio.art.br\/opocedoc\/wp-content\/uploads\/2023\/04\/logo-PhotoRoom.png-PhotoRoom-480x480.png 480w, https:\/\/patrimonio.art.br\/opocedoc\/wp-content\/uploads\/2023\/04\/logo-PhotoRoom.png-PhotoRoom.png 1080w\" sizes=\"(max-width: 278px) 100vw, 278px\" \/><\/figure>\n<\/div>\n\n\n\n<div class=\"wp-block-column is-layout-flow\">\n<h4 class=\"wp-block-heading has-text-align-center has-palette-color-6-color has-text-color\"><br>Biblioteca Virtual<br>Tem\u00e1tica do<br>Observat\u00f3rio dos<br>Povos Origin\u00e1rios<br>e suas Inf\u00e2ncias<\/h4>\n<\/div>\n<\/div>\n<\/div><\/div>\n\n\n\n<p>A Biblioteca Virtual Tem\u00e1tica do Observat\u00f3rio dos Povos Origin\u00e1rios e suas Inf\u00e2ncias (BVTOPOI) re\u00fane fontes de informa\u00e7\u00e3o dispersas &#8211; e muitas vezes desorganizadas &#8211; dispon\u00edveis em redes eletr\u00f4nicas e outros recursos especializados. O objetivo \u00e9 facilitar as pesquisas sobre os povos origin\u00e1rios e suas inf\u00e2ncias e contribuir para a gera\u00e7\u00e3o de novos conhecimentos cient\u00edficos e\/ou saberes diversos sobre a tem\u00e1tica.<\/p>\n\n\n\n<p>A BVTOPOI foi estruturada a partir de crit\u00e9rios cient\u00edficos de identifica\u00e7\u00e3o, sele\u00e7\u00e3o, tratamento t\u00e9cnico da informa\u00e7\u00e3o e de dissemina\u00e7\u00e3o seletiva de informa\u00e7\u00f5es. Alicer\u00e7ada por teorias e pr\u00e1ticas provenientes das \u00e1reas de biblioteconomia, documenta\u00e7\u00e3o e ci\u00eancia da informa\u00e7\u00e3o, tem como p\u00fablico-alvo os povos ind\u00edgenas e os indigenistas, entendidos como usu\u00e1rios de informa\u00e7\u00e3o que necessitam e priorizam o acesso a informa\u00e7\u00f5es de boa proced\u00eancia e qualidade. E tamb\u00e9m como protagonistas sociais que visam o sucesso ao tomarem decis\u00f5es que afetam sua vida profissional e\/ou pessoal.<\/p>\n\n\n\n<blockquote class=\"wp-block-quote\">\n<p>Aceitamos sugest\u00f5es de itens a serem incorporados \u00e0 BVTOPOI, desde que abordem assuntos destacados em nossas cole\u00e7\u00f5es. As sugest\u00f5es recebidas ser\u00e3o avaliadas e, se coerentes com os nossos prop\u00f3sitos, ser\u00e3o inclu\u00eddas.<\/p>\n<\/blockquote>\n\n\n\n<p>Pesquise nas v\u00e1rias cole\u00e7\u00f5es aqui existentes. Elas cont\u00e9m informa\u00e7\u00f5es seletivas que comp\u00f5em bases de dados referenciais ou bases de dados de textos completos sobre:<\/p>\n\n\n\n<ul>\n<li>teses, disserta\u00e7\u00f5es e outros trabalhos monogr\u00e1ficos;<\/li>\n\n\n\n<li>artigos de peri\u00f3dicos cient\u00edficos;<\/li>\n\n\n\n<li>livros;<\/li>\n\n\n\n<li>cap\u00edtulos de livros;<\/li>\n\n\n\n<li>trabalhos de eventos t\u00e9cnico-cient\u00edficos;<\/li>\n\n\n\n<li>entrevistas e depoimentos;<\/li>\n\n\n\n<li>leis e decretos;<\/li>\n\n\n\n<li>documentos audiovisuais (grava\u00e7\u00f5es, filmes, fotografias, desenhos, pinturas, esculturas, artesanato e outras obras de arte).<\/li>\n<\/ul>\n\n\n\n<p>Navegue tamb\u00e9m em sites de institui\u00e7\u00f5es e organiza\u00e7\u00f5es, sites biogr\u00e1ficos, links interessantes, arquivos, exposi\u00e7\u00f5es culturais e outras fontes de informa\u00e7\u00e3o eletr\u00f4nicas referentes aos povos origin\u00e1rios e suas inf\u00e2ncias.<\/p>\n\n\n\n<p>Ao utilizar esta Biblioteca Tem\u00e1tica, lembre-se de que as telas de computadores (desktops e notebooks) apresentam uma interface mais amig\u00e1vel do que as telas dos dispositivos m\u00f3veis (celulares e tablets).<\/p>\n\n\n\n<div class=\"wp-block-cover alignfull has-parallax has-small-font-size\" style=\"padding-top:0;padding-right:0;padding-bottom:0;padding-left:0\"><span aria-hidden=\"true\" class=\"wp-block-cover__background has-background-dim-20 has-background-dim\"><\/span><div role=\"img\" class=\"wp-block-cover__image-background wp-image-4220 has-parallax\" style=\"background-position:50% 50%;background-image:url(http:\/\/patrimonio.art.br\/opocedoc\/wp-content\/uploads\/2023\/05\/educacao-integral-chega-as-escolas-indigenas-de-minas-gerais-1.jpg)\"><\/div><div class=\"wp-block-cover__inner-container\">\n<p class=\"has-text-align-center has-large-font-size\"><\/p>\n<\/div><\/div>\n\n\n\n<div class=\"wp-block-columns alignwide is-layout-flex wp-container-8\" style=\"margin-bottom:0\">\n<div class=\"wp-block-column has-palette-color-3-background-color has-text-color has-background has-link-color wp-elements-b167e8b3bd0b7c2e51a7ded2f76a626d is-layout-flow\" style=\"color:#000000;padding-top:2em;padding-right:2em;padding-bottom:2em;padding-left:2em\">\n<h2 class=\"wp-block-heading\" id=\"single\" style=\"font-size:40px\">Consulta geral<\/h2>\n\n\n\n<p class=\"has-normal-font-size\" style=\"line-height:1.5\"><strong>Pesquisa de itens por todo o reposit\u00f3rio.<\/strong><\/p>\n\n\n\n<hr class=\"wp-block-separator has-text-color has-css-opacity has-background is-style-wide\" style=\"background-color:#000000;color:#000000\"\/>\n\n\n\n<div class=\"wp-block-buttons is-content-justification-right is-layout-flex wp-container-4\">\n<div class=\"wp-block-button\"><a class=\"wp-block-button__link has-white-color has-palette-color-5-background-color has-text-color has-background wp-element-button\" href=\"http:\/\/www.patrimonio.art.br\/opocedoc\/consulta-geral-repositorio\">Ir<\/a><\/div>\n<\/div>\n<\/div>\n\n\n\n<div class=\"wp-block-column has-palette-color-3-background-color has-text-color has-background has-link-color wp-elements-ecfd8a58b34a07b35e94ab8807aed2ee is-layout-flow\" style=\"color:#000000;padding-top:2em;padding-right:2em;padding-bottom:2em;padding-left:2em\">\n<h2 class=\"wp-block-heading\" id=\"family\" style=\"font-size:40px\">Consulta por cole\u00e7\u00e3o<\/h2>\n\n\n\n<p class=\"has-normal-font-size\" style=\"line-height:1.5\"><strong>Pesquisa de itens limitada \u00e0 cole\u00e7\u00e3o selecionada.<\/strong><\/p>\n\n\n\n<hr class=\"wp-block-separator has-css-opacity is-style-wide\"\/>\n\n\n\n<div class=\"wp-block-buttons is-content-justification-right is-layout-flex wp-container-6\">\n<div class=\"wp-block-button\"><a class=\"wp-block-button__link has-white-color has-palette-color-5-background-color has-text-color has-background wp-element-button\" href=\"http:\/\/patrimonio.art.br\/opocedoc\/consulta-colecao\">Ir<\/a><\/div>\n<\/div>\n<\/div>\n<\/div>\n\n\n\n<div style=\"height:30px\" aria-hidden=\"true\" class=\"wp-block-spacer\"><\/div>\n\n\n\n<div class=\"wp-block-columns is-layout-flex wp-container-13\">\n<div class=\"wp-block-column is-layout-flow\" style=\"flex-basis:5rem\"><\/div>\n\n\n\n<div class=\"wp-block-column has-palette-color-3-background-color has-text-color has-background has-link-color wp-elements-bcf2ac12179624fd13a86b58d1654d5e is-layout-flow\" style=\"color:#000000;padding-top:2em;padding-right:2em;padding-bottom:2em;padding-left:2em\">\n<h2 class=\"wp-block-heading\" id=\"family\" style=\"font-size:40px\">Colabore<\/h2>\n\n\n\n<p class=\"has-normal-font-size\" style=\"line-height:1.5\"><strong>Participe! Sugira a inclus\u00e3o de itens em nossas cole\u00e7\u00f5es.<\/strong><\/p>\n\n\n\n<hr class=\"wp-block-separator has-css-opacity is-style-wide\"\/>\n\n\n\n<div class=\"wp-block-buttons is-content-justification-right is-layout-flex wp-container-10\">\n<div class=\"wp-block-button\"><a class=\"wp-block-button__link has-white-color has-palette-color-5-background-color has-text-color has-background wp-element-button\" href=\"http:\/\/patrimonio.art.br\/opocedoc\/consulta-colecao\">Ir<\/a><\/div>\n<\/div>\n<\/div>\n\n\n\n<div class=\"wp-block-column is-layout-flow\" style=\"padding-top:0;padding-right:0;padding-bottom:0;padding-left:0;flex-basis:5rem\"><\/div>\n<\/div>\n\n\n\n<div style=\"height:32px\" aria-hidden=\"true\" class=\"wp-block-spacer\"><\/div>\n","protected":false},"excerpt":{"rendered":"<p>A Biblioteca Virtual Tem\u00e1tica do Observat\u00f3rio dos Povos Origin\u00e1rios e suas Inf\u00e2ncias (BVTOPOI) re\u00fane fontes de informa\u00e7\u00e3o dispersas &#8211; e muitas vezes desorganizadas &#8211; dispon\u00edveis em redes eletr\u00f4nicas e outros recursos especializados. O objetivo \u00e9 facilitar as pesquisas sobre os povos origin\u00e1rios e suas inf\u00e2ncias e contribuir para a gera\u00e7\u00e3o de novos conhecimentos cient\u00edficos e\/ou saberes diversos sobre a tem\u00e1tica. A BVTOPOI foi estruturada a partir de crit\u00e9rios cient\u00edficos de identifica\u00e7\u00e3o, sele\u00e7\u00e3o, tratamento t\u00e9cnico da informa\u00e7\u00e3o e de dissemina\u00e7\u00e3o seletiva de informa\u00e7\u00f5es. Alicer\u00e7ada por teorias e pr\u00e1ticas provenientes das \u00e1reas de biblioteconomia, documenta\u00e7\u00e3o e ci\u00eancia da informa\u00e7\u00e3o, tem como p\u00fablico-alvo\u2026<\/p>\n","protected":false},"author":1,"featured_media":1361,"parent":0,"menu_order":0,"comment_status":"closed","ping_status":"open","template":"","meta":[],"blocksy_meta":{"content_style_source":"inherit"},"_links":{"self":[{"href":"https:\/\/patrimonio.art.br\/opocedoc\/wp-json\/wp\/v2\/pages\/2"}],"collection":[{"href":"https:\/\/patrimonio.art.br\/opocedoc\/wp-json\/wp\/v2\/pages"}],"about":[{"href":"https:\/\/patrimonio.art.br\/opocedoc\/wp-json\/wp\/v2\/types\/page"}],"author":[{"embeddable":true,"href":"https:\/\/patrimonio.art.br\/opocedoc\/wp-json\/wp\/v2\/users\/1"}],"replies":[{"embeddable":true,"href":"https:\/\/patrimonio.art.br\/opocedoc\/wp-json\/wp\/v2\/comments?post=2"}],"version-history":[{"count":75,"href":"https:\/\/patrimonio.art.br\/opocedoc\/wp-json\/wp\/v2\/pages\/2\/revisions"}],"predecessor-version":[{"id":27186,"href":"https:\/\/patrimonio.art.br\/opocedoc\/wp-json\/wp\/v2\/pages\/2\/revisions\/27186"}],"wp:featuredmedia":[{"embeddable":true,"href":"https:\/\/patrimonio.art.br\/opocedoc\/wp-json\/wp\/v2\/media\/1361"}],"wp:attachment":[{"href":"https:\/\/patrimonio.art.br\/opocedoc\/wp-json\/wp\/v2\/media?parent=2"}],"curies":[{"name":"wp","href":"https:\/\/api.w.org\/{rel}","templated":true}]}}